{"id":1165,"date":"2022-10-17T10:34:08","date_gmt":"2022-10-17T08:34:08","guid":{"rendered":"https:\/\/purgolux.hu\/?page_id=1165"},"modified":"2022-10-17T10:40:24","modified_gmt":"2022-10-17T08:40:24","slug":"hirek-aktualitasok","status":"publish","type":"page","link":"http:\/\/purgolux.hu\/en\/hirek-aktualitasok\/","title":{"rendered":"H\u00edrek, aktualit\u00e1sok"},"content":{"rendered":"<p>[et_pb_section fb_built=&#8221;1&#8243; _builder_version=&#8221;4.16&#8243; _module_preset=&#8221;default&#8221; background_image=&#8221;http:\/\/purgolux.hu\/wp-content\/uploads\/2021\/10\/header3000x1000-scaled.jpg&#8221; height=&#8221;27vw&#8221; height_tablet=&#8221;27vw&#8221; height_phone=&#8221;27vw&#8221; height_last_edited=&#8221;on|desktop&#8221; custom_margin=&#8221;0px||0px||false|false&#8221; custom_padding=&#8221;0px||0px||false|false&#8221; locked=&#8221;off&#8221; global_colors_info=&#8221;{}&#8221;][et_pb_row column_structure=&#8221;1_2,1_2&#8243; custom_padding_last_edited=&#8221;on|phone&#8221; _builder_version=&#8221;4.16&#8243; _module_preset=&#8221;default&#8221; width=&#8221;100%&#8221; max_width=&#8221;100%&#8221; custom_margin=&#8221;0px||||false|false&#8221; custom_padding=&#8221;||||false|false&#8221; custom_padding_tablet=&#8221;||||false|false&#8221; custom_padding_phone=&#8221;3vw||||false|false&#8221; custom_css_main_element=&#8221;display: flex;&#8221; global_colors_info=&#8221;{}&#8221;][et_pb_column type=&#8221;1_2&#8243; _builder_version=&#8221;4.16&#8243; _module_preset=&#8221;default&#8221; global_colors_info=&#8221;{}&#8221;][et_pb_image src=&#8221;http:\/\/purgolux.hu\/wp-content\/uploads\/2021\/10\/plx_logo.png&#8221; title_text=&#8221;plx_logo&#8221; _builder_version=&#8221;4.16&#8243; _module_preset=&#8221;default&#8221; width=&#8221;40%&#8221; max_width=&#8221;40%&#8221; custom_margin=&#8221;1vw||0px|13vw|false|false&#8221; custom_margin_tablet=&#8221;0vw||||false|false&#8221; custom_margin_phone=&#8221;0vw||0px|13vw|false|false&#8221; custom_margin_last_edited=&#8221;on|tablet&#8221; custom_padding=&#8221;0px||0px||false|false&#8221; global_colors_info=&#8221;{}&#8221;][\/et_pb_image][et_pb_text _builder_version=&#8221;4.16&#8243; _module_preset=&#8221;default&#8221; header_2_font=&#8221;|800|||||||&#8221; header_2_text_align=&#8221;left&#8221; header_2_text_color=&#8221;#7f3b88&#8243; header_2_font_size=&#8221;1.7vw&#8221; custom_margin=&#8221;2vw||0px|13vw|false|false&#8221; custom_padding=&#8221;0px||0px||false|false&#8221; header_2_font_size_tablet=&#8221;1.7vw&#8221; header_2_font_size_phone=&#8221;&#8221; header_2_font_size_last_edited=&#8221;on|phone&#8221; global_colors_info=&#8221;{}&#8221;]<\/p>\n<h2>Mindig egy l\u00e9p\u00e9ssel a k\u00f3rokoz\u00f3k el\u0151tt<\/h2>\n<p>[\/et_pb_text][\/et_pb_column][et_pb_column type=&#8221;1_2&#8243; _builder_version=&#8221;4.16&#8243; _module_preset=&#8221;default&#8221; global_colors_info=&#8221;{}&#8221;][et_pb_image src=&#8221;http:\/\/purgolux.hu\/wp-content\/uploads\/2021\/10\/safeinair.png&#8221; title_text=&#8221;safeinair&#8221; show_bottom_space=&#8221;off&#8221; align=&#8221;center&#8221; _builder_version=&#8221;4.16&#8243; _module_preset=&#8221;default&#8221; min_height_tablet=&#8221;&#8221; min_height_phone=&#8221;&#8221; min_height_last_edited=&#8221;on|tablet&#8221; height=&#8221;28vw&#8221; height_tablet=&#8221;26vw&#8221; height_phone=&#8221;26vw&#8221; height_last_edited=&#8221;on|tablet&#8221; custom_margin=&#8221;-2vw|0px|0px|0px|false|false&#8221; custom_padding=&#8221;0px|0px|0px|0px|false|false&#8221; global_colors_info=&#8221;{}&#8221;][\/et_pb_image][\/et_pb_column][\/et_pb_row][\/et_pb_section][et_pb_section fb_built=&#8221;1&#8243; admin_label=&#8221;Products&#8221; module_id=&#8221;products&#8221; _builder_version=&#8221;4.16&#8243; background_image=&#8221;http:\/\/purgolux.hu\/wp-content\/uploads\/2021\/11\/bckg_v.png&#8221; parallax=&#8221;on&#8221; parallax_method=&#8221;off&#8221; custom_margin=&#8221;0px||0px||false|false&#8221; custom_padding=&#8221;0px||3vw||false|false&#8221; animation_style=&#8221;fade&#8221; animation_delay=&#8221;200ms&#8221; global_colors_info=&#8221;{}&#8221;][et_pb_row _builder_version=&#8221;4.16&#8243; _module_preset=&#8221;default&#8221; width=&#8221;81%&#8221; max_width=&#8221;81%&#8221; custom_margin=&#8221;0px||0px||false|false&#8221; custom_padding=&#8221;3vw||0px||false|false&#8221; global_colors_info=&#8221;{}&#8221;][et_pb_column type=&#8221;4_4&#8243; _builder_version=&#8221;4.16&#8243; _module_preset=&#8221;default&#8221; global_colors_info=&#8221;{}&#8221;][et_pb_text _builder_version=&#8221;4.18.0&#8243; _module_preset=&#8221;default&#8221; header_font=&#8221;|800|||||||&#8221; header_text_color=&#8221;#7f3b88&#8243; header_font_size=&#8221;3vw&#8221; custom_margin=&#8221;3vw||2vw||false|false&#8221; header_font_size_tablet=&#8221;3vw&#8221; header_font_size_phone=&#8221;4vw&#8221; header_font_size_last_edited=&#8221;on|phone&#8221; locked=&#8221;off&#8221; global_colors_info=&#8221;{}&#8221;]<\/p>\n<h1>H\u00edrek, aktualit\u00e1sok<\/h1>\n<p>[\/et_pb_text][\/et_pb_column][\/et_pb_row][et_pb_row make_equal=&#8221;on&#8221; _builder_version=&#8221;4.16&#8243; width=&#8221;81%&#8221; max_width=&#8221;81%&#8221; custom_margin=&#8221;0px||0px||false|false&#8221; custom_padding=&#8221;0px||0px||false|false&#8221; global_colors_info=&#8221;{}&#8221;][et_pb_column type=&#8221;4_4&#8243; _builder_version=&#8221;4.16&#8243; custom_padding=&#8221;||||false|false&#8221; custom_padding_tablet=&#8221;0px||||false|false&#8221; custom_padding_phone=&#8221;&#8221; custom_padding_last_edited=&#8221;on|desktop&#8221; global_colors_info=&#8221;{}&#8221;][et_pb_blog posts_number=&#8221;6&#8243; include_categories=&#8221;8&#8243; meta_date=&#8221;Y.m.d&#8221; show_more=&#8221;on&#8221; show_author=&#8221;off&#8221; show_categories=&#8221;off&#8221; _builder_version=&#8221;4.18.0&#8243; _module_preset=&#8221;default&#8221; hover_enabled=&#8221;0&#8243; global_colors_info=&#8221;{}&#8221; fullwidth=&#8221;off&#8221; use_overlay=&#8221;on&#8221; body_text_align=&#8221;justify&#8221; sticky_enabled=&#8221;0&#8243;][\/et_pb_blog][\/et_pb_column][\/et_pb_row][\/et_pb_section][et_pb_section fb_built=&#8221;1&#8243; custom_padding_last_edited=&#8221;on|desktop&#8221; admin_label=&#8221;Contact&#8221; module_id=&#8221;contact&#8221; _builder_version=&#8221;4.16&#8243; module_alignment=&#8221;center&#8221; custom_margin=&#8221;0px||0px||false|false&#8221; custom_padding=&#8221;0px||10px||false|false&#8221; custom_padding_tablet=&#8221;||0px||false|false&#8221; custom_padding_phone=&#8221;&#8221; bottom_divider_style=&#8221;ramp2&#8243; bottom_divider_color=&#8221;rgba(127,59,136,0.7)&#8221; bottom_divider_height=&#8221;30vw&#8221; bottom_divider_flip=&#8221;horizontal|vertical&#8221; animation_style=&#8221;fade&#8221; animation_delay=&#8221;300ms&#8221; locked=&#8221;off&#8221; global_colors_info=&#8221;{}&#8221;][et_pb_row _builder_version=&#8221;4.16&#8243; _module_preset=&#8221;default&#8221; width=&#8221;81%&#8221; max_width=&#8221;81%&#8221; custom_margin=&#8221;0px||0px||false|false&#8221; custom_padding=&#8221;0px||0px||false|false&#8221; locked=&#8221;off&#8221; global_colors_info=&#8221;{}&#8221;][et_pb_column type=&#8221;4_4&#8243; _builder_version=&#8221;4.16&#8243; _module_preset=&#8221;default&#8221; global_colors_info=&#8221;{}&#8221;][et_pb_text _builder_version=&#8221;4.16&#8243; _module_preset=&#8221;default&#8221; header_font=&#8221;|800|||||||&#8221; header_text_color=&#8221;#7f3b88&#8243; header_font_size=&#8221;3vw&#8221; custom_margin=&#8221;3vw||2vw||false|false&#8221; header_font_size_tablet=&#8221;3vw&#8221; header_font_size_phone=&#8221;4vw&#8221; header_font_size_last_edited=&#8221;on|phone&#8221; locked=&#8221;off&#8221; global_colors_info=&#8221;{}&#8221;]<\/p>\n<h1>Kapcsolat<\/h1>\n<p>[\/et_pb_text][\/et_pb_column][\/et_pb_row][et_pb_row column_structure=&#8221;1_2,1_2&#8243; _builder_version=&#8221;4.16&#8243; _module_preset=&#8221;default&#8221; width=&#8221;81%&#8221; max_width=&#8221;81%&#8221; global_colors_info=&#8221;{}&#8221;][et_pb_column type=&#8221;1_2&#8243; _builder_version=&#8221;4.16&#8243; _module_preset=&#8221;default&#8221; background_color=&#8221;rgba(255,255,255,0.9)&#8221; custom_padding=&#8221;0.5vw||1vw|1vw|false|false&#8221; custom_padding_tablet=&#8221;0.5vw||1vw|1vw|false|false&#8221; custom_padding_phone=&#8221;1vw|1.5vw|1vw|1.5vw|true|true&#8221; custom_padding_last_edited=&#8221;on|tablet&#8221; border_radii=&#8221;on|20px|20px|20px|20px&#8221; global_colors_info=&#8221;{}&#8221;][et_pb_blurb title=&#8221;H-5900 Orosh\u00e1za, Gy\u00e1rtelep utca 7.&#8221; use_icon=&#8221;on&#8221; font_icon=&#8221;&#xe081;||divi||400&#8243; icon_color=&#8221;#83388d&#8221; icon_placement=&#8221;left&#8221; image_icon_width=&#8221;1.5vw&#8221; image_icon_width_tablet=&#8221;2vw&#8221; image_icon_width_phone=&#8221;3vw&#8221; image_icon_width_last_edited=&#8221;on|tablet&#8221; _builder_version=&#8221;4.16&#8243; _module_preset=&#8221;default&#8221; header_font=&#8221;||||||||&#8221; header_font_size=&#8221;1.4vw&#8221; background_enable_color=&#8221;off&#8221; custom_margin_tablet=&#8221;||1.5vw||false|false&#8221; custom_margin_phone=&#8221;||1.5vw||false|false&#8221; custom_margin_last_edited=&#8221;on|tablet&#8221; header_font_size_tablet=&#8221;2vw&#8221; header_font_size_phone=&#8221;3vw&#8221; header_font_size_last_edited=&#8221;on|tablet&#8221; icon_font_size=&#8221;1.5vw&#8221; global_colors_info=&#8221;{}&#8221;][\/et_pb_blurb][et_pb_blurb title=&#8221;+36 (30) 243 8769&#8243; use_icon=&#8221;on&#8221; font_icon=&#8221;&#xe00b;||divi||400&#8243; icon_color=&#8221;#83388d&#8221; icon_placement=&#8221;left&#8221; image_icon_width=&#8221;1.5vw&#8221; image_icon_width_tablet=&#8221;2vw&#8221; image_icon_width_phone=&#8221;3vw&#8221; image_icon_width_last_edited=&#8221;on|tablet&#8221; _builder_version=&#8221;4.16&#8243; _module_preset=&#8221;default&#8221; header_font=&#8221;||||||||&#8221; header_font_size=&#8221;1.4vw&#8221; background_enable_color=&#8221;off&#8221; header_font_size_tablet=&#8221;2vw&#8221; header_font_size_phone=&#8221;3vw&#8221; header_font_size_last_edited=&#8221;on|tablet&#8221; icon_font_size=&#8221;1.5vw&#8221; locked=&#8221;off&#8221; global_colors_info=&#8221;{}&#8221;][\/et_pb_blurb][et_pb_blurb title=&#8221;info@purgolux.hu&#8221; use_icon=&#8221;on&#8221; font_icon=&#8221;&#xe010;||divi||400&#8243; icon_color=&#8221;#83388d&#8221; icon_placement=&#8221;left&#8221; image_icon_width=&#8221;1.5vw&#8221; image_icon_width_tablet=&#8221;2vw&#8221; image_icon_width_phone=&#8221;3vw&#8221; image_icon_width_last_edited=&#8221;on|tablet&#8221; _builder_version=&#8221;4.16&#8243; _module_preset=&#8221;default&#8221; header_font=&#8221;||||||||&#8221; header_font_size=&#8221;1.4vw&#8221; background_enable_color=&#8221;off&#8221; header_font_size_tablet=&#8221;2vw&#8221; header_font_size_phone=&#8221;3vw&#8221; header_font_size_last_edited=&#8221;on|tablet&#8221; icon_font_size=&#8221;1.5vw&#8221; locked=&#8221;off&#8221; global_colors_info=&#8221;{}&#8221;][\/et_pb_blurb][\/et_pb_column][et_pb_column type=&#8221;1_2&#8243; _builder_version=&#8221;4.16&#8243; _module_preset=&#8221;default&#8221; global_colors_info=&#8221;{}&#8221;][et_pb_code _builder_version=&#8221;4.16&#8243; _module_preset=&#8221;default&#8221; box_shadow_style=&#8221;preset1&#8243; global_colors_info=&#8221;{}&#8221;]<iframe src=\"https:\/\/www.google.com\/maps\/embed?pb=!1m18!1m12!1m3!1d2744.1248517656218!2d20.675714315439766!3d46.54521697912859!2m3!1f0!2f0!3f0!3m2!1i1024!2i768!4f13.1!3m3!1m2!1s0x47443ee766959ae9%3A0xa6d3f012dcc96675!2zT3Jvc2jDoXphLCBHecOhcnRlbGVwIHUuIDcsIDU5MDA!5e0!3m2!1shu!2shu!4v1635143858025!5m2!1shu!2shu\" width=\"100%\" height=\"500\" style=\"border:0;\" allowfullscreen=\"\" loading=\"lazy\"><\/iframe>[\/et_pb_code][\/et_pb_column][\/et_pb_row][et_pb_row _builder_version=&#8221;4.16&#8243; _module_preset=&#8221;default&#8221; width=&#8221;81%&#8221; max_width=&#8221;81%&#8221; custom_margin=&#8221;1vw||0px||false|false&#8221; custom_padding=&#8221;0px||0px||false|false&#8221; global_colors_info=&#8221;{}&#8221;][et_pb_column type=&#8221;4_4&#8243; _builder_version=&#8221;4.16&#8243; _module_preset=&#8221;default&#8221; global_colors_info=&#8221;{}&#8221;][et_pb_text _builder_version=&#8221;4.16&#8243; _module_preset=&#8221;default&#8221; text_text_color=&#8221;#FFFFFF&#8221; text_font_size=&#8221;0.8vw&#8221; text_line_height=&#8221;2vw&#8221; text_orientation=&#8221;center&#8221; text_font_size_tablet=&#8221;1.2vw&#8221; text_font_size_phone=&#8221;1.5vw&#8221; text_font_size_last_edited=&#8221;on|phone&#8221; global_colors_info=&#8221;{}&#8221;]<\/p>\n<p>A PurgoLux t\u00e1rsas\u00e1gunk lajstromozott eur\u00f3pai uni\u00f3s v\u00e9djegye, amelyet az Eur\u00f3pai Uni\u00f3 Szellemi Tulajdoni Hivatala 018461002 ill. 018461008 sz. sz\u00e1mon tart nyilv\u00e1n 2021. \u00e1prilis 26. napj\u00e1t\u00f3l.<\/p>\n<p>[\/et_pb_text][\/et_pb_column][\/et_pb_row][\/et_pb_section]<\/p>\n","protected":false},"excerpt":{"rendered":"<p>Mindig egy l\u00e9p\u00e9ssel a k\u00f3rokoz\u00f3k el\u0151ttH\u00edrek, aktualit\u00e1sokKapcsolatA PurgoLux t\u00e1rsas\u00e1gunk lajstromozott eur\u00f3pai uni\u00f3s v\u00e9djegye, amelyet az Eur\u00f3pai Uni\u00f3 Szellemi Tulajdoni Hivatala 018461002 ill. 018461008 sz. sz\u00e1mon tart nyilv\u00e1n 2021. \u00e1prilis 26. napj\u00e1t\u00f3l.<\/p>\n","protected":false},"author":1,"featured_media":0,"parent":0,"menu_order":0,"comment_status":"closed","ping_status":"closed","template":"","meta":{"_seopress_robots_primary_cat":"","_seopress_titles_title":"%%sitetitle%% %%sep%% %%post_title%%","_seopress_titles_desc":"H\u00edrek, aktualit\u00e1sok","_seopress_robots_index":"","_et_pb_use_builder":"on","_et_pb_old_content":"","_et_gb_content_width":"","footnotes":""},"_links":{"self":[{"href":"http:\/\/purgolux.hu\/en\/wp-json\/wp\/v2\/pages\/1165"}],"collection":[{"href":"http:\/\/purgolux.hu\/en\/wp-json\/wp\/v2\/pages"}],"about":[{"href":"http:\/\/purgolux.hu\/en\/wp-json\/wp\/v2\/types\/page"}],"author":[{"embeddable":true,"href":"http:\/\/purgolux.hu\/en\/wp-json\/wp\/v2\/users\/1"}],"replies":[{"embeddable":true,"href":"http:\/\/purgolux.hu\/en\/wp-json\/wp\/v2\/comments?post=1165"}],"version-history":[{"count":3,"href":"http:\/\/purgolux.hu\/en\/wp-json\/wp\/v2\/pages\/1165\/revisions"}],"predecessor-version":[{"id":1170,"href":"http:\/\/purgolux.hu\/en\/wp-json\/wp\/v2\/pages\/1165\/revisions\/1170"}],"wp:attachment":[{"href":"http:\/\/purgolux.hu\/en\/wp-json\/wp\/v2\/media?parent=1165"}],"curies":[{"name":"wp","href":"https:\/\/api.w.org\/{rel}","templated":true}]}}