{"id":370,"date":"2021-10-25T08:57:59","date_gmt":"2021-10-25T06:57:59","guid":{"rendered":"https:\/\/purgolux.hu\/?page_id=370"},"modified":"2022-10-01T11:04:55","modified_gmt":"2022-10-01T09:04:55","slug":"safe_inair","status":"publish","type":"page","link":"http:\/\/purgolux.hu\/en\/safe_inair\/","title":{"rendered":"Safe InAir"},"content":{"rendered":"\n\n[et_pb_section fb_built=&#8221;1&#8243; _builder_version=&#8221;4.14.5&#8243; _module_preset=&#8221;default&#8221; background_image=&#8221;http:\/\/purgolux.hu\/wp-content\/uploads\/2021\/10\/header3000x1000-scaled.jpg&#8221; height=&#8221;27vw&#8221; height_tablet=&#8221;27vw&#8221; height_phone=&#8221;27vw&#8221; height_last_edited=&#8221;on|desktop&#8221; custom_margin=&#8221;0px||0px||false|false&#8221; custom_padding=&#8221;0px||0px||false|false&#8221; locked=&#8221;off&#8221; global_colors_info=&#8221;{}&#8221;][et_pb_row column_structure=&#8221;1_2,1_2&#8243; custom_padding_last_edited=&#8221;on|phone&#8221; _builder_version=&#8221;4.14.6&#8243; _module_preset=&#8221;default&#8221; width=&#8221;100%&#8221; max_width=&#8221;100%&#8221; custom_margin=&#8221;0px||||false|false&#8221; custom_padding=&#8221;||||false|false&#8221; custom_padding_tablet=&#8221;||||false|false&#8221; custom_padding_phone=&#8221;3vw||||false|false&#8221; custom_css_main_element=&#8221;display: flex;&#8221; global_colors_info=&#8221;{}&#8221;][et_pb_column type=&#8221;1_2&#8243; _builder_version=&#8221;4.13.1&#8243; _module_preset=&#8221;default&#8221; global_colors_info=&#8221;{}&#8221;][et_pb_image src=&#8221;http:\/\/purgolux.hu\/wp-content\/uploads\/2021\/10\/plx_logo.png&#8221; title_text=&#8221;plx_logo&#8221; _builder_version=&#8221;4.14.6&#8243; _module_preset=&#8221;default&#8221; width=&#8221;40%&#8221; max_width=&#8221;40%&#8221; custom_margin=&#8221;1vw||0px|13vw|false|false&#8221; custom_margin_tablet=&#8221;0vw||||false|false&#8221; custom_margin_phone=&#8221;0vw||0px|13vw|false|false&#8221; custom_margin_last_edited=&#8221;on|tablet&#8221; custom_padding=&#8221;0px||0px||false|false&#8221; global_colors_info=&#8221;{}&#8221;][\/et_pb_image][et_pb_text _builder_version=&#8221;4.14.9&#8243; _module_preset=&#8221;default&#8221; header_2_font=&#8221;|800|||||||&#8221; header_2_text_align=&#8221;left&#8221; header_2_text_color=&#8221;#7f3b88&#8243; header_2_font_size=&#8221;1.7vw&#8221; custom_margin=&#8221;2vw||0px|13vw|false|false&#8221; custom_padding=&#8221;0px||0px||false|false&#8221; header_2_font_size_tablet=&#8221;1.7vw&#8221; header_2_font_size_phone=&#8221;&#8221; header_2_font_size_last_edited=&#8221;on|phone&#8221; content_en_us=&#8221;<h2>One step ahead of pathogens<\/h2>&#8221; global_colors_info=&#8221;{}&#8221;]<h2>Mindig egy l\u00e9p\u00e9ssel a k\u00f3rokoz\u00f3k el\u0151tt<\/h2>[\/et_pb_text][et_pb_text _builder_version=&#8221;4.14.2&#8243; _module_preset=&#8221;default&#8221; header_font=&#8221;|700|||||||&#8221; header_text_align=&#8221;right&#8221; header_text_color=&#8221;#FFFFFF&#8221; header_font_size=&#8221;4vw&#8221; header_line_height=&#8221;1.5vw&#8221; custom_margin=&#8221;4vw||0px|12.6vw|false|false&#8221; custom_padding=&#8221;0px||0px||false|false&#8221; global_colors_info=&#8221;{}&#8221;]<h1>Safe InAir<\/h1>[\/et_pb_text][\/et_pb_column][et_pb_column type=&#8221;1_2&#8243; _builder_version=&#8221;4.13.1&#8243; _module_preset=&#8221;default&#8221; global_colors_info=&#8221;{}&#8221;][et_pb_image src=&#8221;http:\/\/purgolux.hu\/wp-content\/uploads\/2021\/10\/safeinair.png&#8221; title_text=&#8221;safeinair&#8221; show_bottom_space=&#8221;off&#8221; align=&#8221;center&#8221; _builder_version=&#8221;4.14.5&#8243; _module_preset=&#8221;default&#8221; min_height_tablet=&#8221;&#8221; min_height_phone=&#8221;&#8221; min_height_last_edited=&#8221;on|tablet&#8221; height=&#8221;28vw&#8221; height_tablet=&#8221;26vw&#8221; height_phone=&#8221;26vw&#8221; height_last_edited=&#8221;on|tablet&#8221; custom_margin=&#8221;-2vw|0px|0px|0px|false|false&#8221; custom_padding=&#8221;0px|0px|0px|0px|false|false&#8221; global_colors_info=&#8221;{}&#8221;][\/et_pb_image][\/et_pb_column][\/et_pb_row][\/et_pb_section][et_pb_section fb_built=&#8221;1&#8243; admin_label=&#8221;Products&#8221; module_id=&#8221;products&#8221; _builder_version=&#8221;4.13.1&#8243; background_image=&#8221;http:\/\/purgolux.hu\/wp-content\/uploads\/2021\/11\/bckg_v.png&#8221; parallax=&#8221;on&#8221; parallax_method=&#8221;off&#8221; custom_margin=&#8221;0px||0px||false|false&#8221; custom_padding=&#8221;0px||0px||false|false&#8221; animation_style=&#8221;fade&#8221; animation_delay=&#8221;200ms&#8221; global_colors_info=&#8221;{}&#8221;][et_pb_row _builder_version=&#8221;4.14.5&#8243; _module_preset=&#8221;default&#8221; width=&#8221;81%&#8221; max_width=&#8221;81%&#8221; custom_margin=&#8221;0px||0px||false|false&#8221; custom_padding=&#8221;3vw||0px||false|false&#8221; global_colors_info=&#8221;{}&#8221;][et_pb_column type=&#8221;4_4&#8243; _builder_version=&#8221;4.11.3&#8243; _module_preset=&#8221;default&#8221; global_colors_info=&#8221;{}&#8221;][et_pb_text _builder_version=&#8221;4.14.9&#8243; _module_preset=&#8221;default&#8221; header_font=&#8221;|800|||||||&#8221; header_text_color=&#8221;#7f3b88&#8243; header_font_size=&#8221;3vw&#8221; custom_margin=&#8221;3vw||2vw||false|false&#8221; hover_enabled=&#8221;0&#8243; header_font_size_tablet=&#8221;3vw&#8221; header_font_size_phone=&#8221;4vw&#8221; header_font_size_last_edited=&#8221;on|phone&#8221; content_en_us=&#8221;<h1>Products<\/h1>&#8221; locked=&#8221;off&#8221; global_colors_info=&#8221;{}&#8221; sticky_enabled=&#8221;0&#8243;]<h1>Term\u00e9keink<\/h1>[\/et_pb_text][\/et_pb_column][\/et_pb_row][et_pb_row column_structure=&#8221;3_5,2_5&#8243; make_equal=&#8221;on&#8221; _builder_version=&#8221;4.14.5&#8243; width=&#8221;81%&#8221; max_width=&#8221;81%&#8221; custom_margin=&#8221;0px||0px||false|false&#8221; custom_padding=&#8221;0px||0px||false|false&#8221; custom_css_main_element=&#8221;display: flex;&#8221; global_colors_info=&#8221;{}&#8221;][et_pb_column type=&#8221;3_5&#8243; _builder_version=&#8221;4.11.4&#8243; custom_padding=&#8221;||||false|false&#8221; custom_padding_tablet=&#8221;0px||||false|false&#8221; custom_padding_phone=&#8221;&#8221; custom_padding_last_edited=&#8221;on|desktop&#8221; global_colors_info=&#8221;{}&#8221;][et_pb_text _builder_version=&#8221;4.14.9&#8243; text_font=&#8221;||||||||&#8221; text_text_color=&#8221;#595959&#8243; text_font_size=&#8221;1.2vw&#8221; text_line_height=&#8221;2.5vw&#8221; ul_font_size=&#8221;1.2vw&#8221; ul_line_height=&#8221;2.5vw&#8221; header_font=&#8221;||||||||&#8221; header_text_color=&#8221;#000000&#8243; header_2_font=&#8221;||||||||&#8221; header_2_text_color=&#8221;#000000&#8243; header_2_font_size=&#8221;2.5vw&#8221; header_2_line_height=&#8221;3.2vw&#8221; text_orientation=&#8221;justified&#8221; width=&#8221;100%&#8221; max_width=&#8221;100%&#8221; max_width_tablet=&#8221;100%&#8221; max_width_phone=&#8221;100%&#8221; max_width_last_edited=&#8221;on|tablet&#8221; module_alignment=&#8221;left&#8221; custom_margin=&#8221;0px||0px||false|false&#8221; custom_padding=&#8221;0px||0px||false|false&#8221; text_font_size_tablet=&#8221;1.8vw&#8221; text_font_size_phone=&#8221;3vw&#8221; text_font_size_last_edited=&#8221;on|phone&#8221; text_line_height_tablet=&#8221;3vw&#8221; text_line_height_phone=&#8221;4vw&#8221; text_line_height_last_edited=&#8221;on|tablet&#8221; ul_font_size_tablet=&#8221;1.8vw&#8221; ul_font_size_phone=&#8221;3vw&#8221; ul_font_size_last_edited=&#8221;on|tablet&#8221; ul_line_height_tablet=&#8221;3vw&#8221; ul_line_height_phone=&#8221;4vw&#8221; ul_line_height_last_edited=&#8221;on|tablet&#8221; header_2_font_size_tablet=&#8221;2.8vw&#8221; header_2_font_size_phone=&#8221;4vw&#8221; header_2_font_size_last_edited=&#8221;on|tablet&#8221; content_en_us=&#8221;<h2>PurgoLux Safe InAir<\/h2>\nAt the heart of the PurgoLux Safe InAir system is the germicidal lamp which emits 254nm light. This wavelength of light has been scientifically proven to inactivate pathogens through disruption of their DNA leaving them unable to replicate and therefore unable to make humans sick.\n<ul style=%22margin-top: 2vw;%22>\n\t<li>Safe and Effective<\/li>\n\t<li>The Safe InAir features a closed system design which means that is safe for users to be in the room while the unit is operating<\/li>\n\t<li>Flexible installation: The system can be installed on the wall or be free standing on the floor<\/li>\n\t<li>Multi-speed fan gives the user ultimate control<\/li>\n\t<li>Scalable: For larger rooms, more units can be deployed to maximize air disinfection<\/li>\n\t<li>Low maintenance: The germicidal lamp is rated for up to 16,000 hours of operation (666 days of constant use) and is very simple to replace<\/li>\n<\/ul>&#8221; locked=&#8221;off&#8221; global_colors_info=&#8221;{}&#8221;]<h2>PurgoLux Safe InAir<\/h2>\n<p>A PurgoLux Safe InAir sorozat berendez\u00e9sek lelke a germicidl\u00e1mpa, amely 254 nanom\u00e9ter k\u00f6zeli UV-C sug\u00e1rz\u00e1sa k\u00e9pes behatolni a mikroorganizmusok sejtfalaiba, ahol a sejt DNS\/RNS szerkezet\u00e9t roncsolva inaktiv\u00e1lja azokat.<\/p>\n<ul style=\"margin-top: 2vw;\">\n<li>Biztons\u00e1gos \u00e9s hat\u00e9kony \u00fczem<\/li>\n<li>Z\u00e1rt berendez\u00e9s, a k\u00f6rnyezet nincs kit\u00e9ve k\u00f6zvetlen\u00fcl a sug\u00e1rz\u00e1snak<\/li>\n<li>Rugalmas elhelyez\u00e9si lehet\u0151s\u00e9gek: \u00e1ll\u00edthat\u00f3 padl\u00f3ra, szerelhet\u0151 falra<\/li>\n<li>Be\u00e9p\u00edtett ventil\u00e1torral biztos\u00edtott l\u00e9g\u00e1raml\u00e1s t\u00f6bb fokozaton<\/li>\n<li>T\u00f6bb berendez\u00e9s felszerel\u00e9s\u00e9vel nagyobb ter\u00fcletek lefed\u00e9se is megoldott<\/li>\n<li>K\u00f6nny\u0171 \u00e9s biztons\u00e1gos l\u00e1mpacsere kb. 2 \u00e9vente (\u00fczemid\u0151t\u0151l f\u00fcgg\u0151en)<\/li>\n<\/ul>[\/et_pb_text][et_pb_button button_url=&#8221;#contact&#8221; button_text=&#8221;Rendel\u00e9s&#8221; _builder_version=&#8221;4.14.7&#8243; custom_button=&#8221;on&#8221; button_text_size=&#8221;0.9vw&#8221; button_text_color=&#8221;#ffffff&#8221; button_bg_color=&#8221;#7f3b88&#8243; button_bg_color_gradient_start=&#8221;#9936de&#8221; button_bg_color_gradient_end=&#8221;#8100dd&#8221; button_bg_color_gradient_direction=&#8221;148deg&#8221; button_border_width=&#8221;0px&#8221; button_border_radius=&#8221;100px&#8221; button_letter_spacing=&#8221;2px&#8221; button_font=&#8221;|700||on|||||&#8221; button_use_icon=&#8221;off&#8221; custom_margin=&#8221;||||false|false&#8221; custom_padding=&#8221;0.8vw|1.2vw|0.8vw|1.2vw|true|true&#8221; custom_padding_tablet=&#8221;1.5vw|2.5vw|1.5vw|2.5vw|true|true&#8221; custom_padding_phone=&#8221;1.5vw|2.5vw|1.5vw|2.5vw|true|true&#8221; custom_padding_last_edited=&#8221;on|desktop&#8221; button_text_size_tablet=&#8221;1.2vw&#8221; button_text_size_phone=&#8221;2vw&#8221; button_text_size_last_edited=&#8221;on|phone&#8221; button_text_en_us=&#8221;Order&#8221; box_shadow_style=&#8221;preset3&#8243; box_shadow_vertical=&#8221;10px&#8221; box_shadow_blur=&#8221;30px&#8221; box_shadow_spread=&#8221;-10px&#8221; box_shadow_color=&#8221;rgba(255,142,96,0.39)&#8221; locked=&#8221;off&#8221; global_colors_info=&#8221;{}&#8221; box_shadow_color__hover=&#8221;#2585b2&#8243; box_shadow_blur__hover_enabled=&#8221;off&#8221; box_shadow_blur__hover=&#8221;20px&#8221; box_shadow_vertical__hover_enabled=&#8221;off&#8221; box_shadow_vertical__hover=&#8221;10px&#8221;][\/et_pb_button][\/et_pb_column][et_pb_column type=&#8221;2_5&#8243; _builder_version=&#8221;3.26.2&#8243; global_colors_info=&#8221;{}&#8221;][et_pb_image src=&#8221;http:\/\/purgolux.hu\/wp-content\/uploads\/2021\/11\/2k.png&#8221; title_text=&#8221;2k&#8221; show_bottom_space=&#8221;off&#8221; _builder_version=&#8221;4.13.1&#8243; _module_preset=&#8221;default&#8221; custom_margin=&#8221;0px||0px||false|false&#8221; custom_padding=&#8221;0px||0px||false|false&#8221; global_colors_info=&#8221;{}&#8221;][\/et_pb_image][\/et_pb_column][\/et_pb_row][\/et_pb_section][et_pb_section fb_built=&#8221;1&#8243; custom_padding_last_edited=&#8221;on|desktop&#8221; admin_label=&#8221;Contact&#8221; module_id=&#8221;contact&#8221; _builder_version=&#8221;4.14.5&#8243; module_alignment=&#8221;center&#8221; custom_margin=&#8221;0px||0px||false|false&#8221; custom_padding=&#8221;0px||10px||false|false&#8221; custom_padding_tablet=&#8221;||0px||false|false&#8221; custom_padding_phone=&#8221;&#8221; bottom_divider_style=&#8221;ramp2&#8243; bottom_divider_color=&#8221;rgba(127,59,136,0.7)&#8221; bottom_divider_height=&#8221;30vw&#8221; bottom_divider_flip=&#8221;horizontal|vertical&#8221; animation_style=&#8221;fade&#8221; animation_delay=&#8221;300ms&#8221; locked=&#8221;off&#8221; global_colors_info=&#8221;{}&#8221;][et_pb_row _builder_version=&#8221;4.14.5&#8243; _module_preset=&#8221;default&#8221; width=&#8221;81%&#8221; max_width=&#8221;81%&#8221; custom_margin=&#8221;0px||0px||false|false&#8221; custom_padding=&#8221;0px||0px||false|false&#8221; locked=&#8221;off&#8221; global_colors_info=&#8221;{}&#8221;][et_pb_column type=&#8221;4_4&#8243; _builder_version=&#8221;4.11.3&#8243; _module_preset=&#8221;default&#8221; global_colors_info=&#8221;{}&#8221;][et_pb_text _builder_version=&#8221;4.14.7&#8243; _module_preset=&#8221;default&#8221; header_font=&#8221;|800|||||||&#8221; header_text_color=&#8221;#7f3b88&#8243; header_font_size=&#8221;3vw&#8221; custom_margin=&#8221;3vw||2vw||false|false&#8221; header_font_size_tablet=&#8221;3vw&#8221; header_font_size_phone=&#8221;4vw&#8221; header_font_size_last_edited=&#8221;on|phone&#8221; content_en_us=&#8221;<h1>Contact<\/h1>&#8221; locked=&#8221;off&#8221; global_colors_info=&#8221;{}&#8221;]<h1>Kapcsolat<\/h1>[\/et_pb_text][\/et_pb_column][\/et_pb_row][et_pb_row column_structure=&#8221;1_2,1_2&#8243; _builder_version=&#8221;4.14.6&#8243; _module_preset=&#8221;default&#8221; width=&#8221;81%&#8221; max_width=&#8221;81%&#8221; global_colors_info=&#8221;{}&#8221;][et_pb_column type=&#8221;1_2&#8243; _builder_version=&#8221;4.14.6&#8243; _module_preset=&#8221;default&#8221; background_color=&#8221;rgba(255,255,255,0.9)&#8221; custom_padding=&#8221;0.5vw||1vw|1vw|false|false&#8221; custom_padding_tablet=&#8221;0.5vw||1vw|1vw|false|false&#8221; custom_padding_phone=&#8221;1vw|1.5vw|1vw|1.5vw|true|true&#8221; custom_padding_last_edited=&#8221;on|tablet&#8221; border_radii=&#8221;on|20px|20px|20px|20px&#8221; global_colors_info=&#8221;{}&#8221;][et_pb_blurb title=&#8221;H-5900 Orosh\u00e1za, Gy\u00e1rtelep utca 7.&#8221; use_icon=&#8221;on&#8221; font_icon=&#8221;&#xe081;||divi||400&#8243; icon_color=&#8221;#83388d&#8221; icon_placement=&#8221;left&#8221; image_icon_width=&#8221;1.5vw&#8221; image_icon_width_tablet=&#8221;2vw&#8221; image_icon_width_phone=&#8221;3vw&#8221; image_icon_width_last_edited=&#8221;on|tablet&#8221; _builder_version=&#8221;4.14.7&#8243; _module_preset=&#8221;default&#8221; header_font=&#8221;||||||||&#8221; header_font_size=&#8221;1.4vw&#8221; background_enable_color=&#8221;off&#8221; custom_margin_tablet=&#8221;||||false|false&#8221; custom_margin_phone=&#8221;||||false|false&#8221; custom_margin_last_edited=&#8221;on|phone&#8221; header_font_size_tablet=&#8221;2vw&#8221; header_font_size_phone=&#8221;3vw&#8221; header_font_size_last_edited=&#8221;on|tablet&#8221; icon_font_size=&#8221;1.5vw&#8221; global_colors_info=&#8221;{}&#8221;][\/et_pb_blurb][et_pb_blurb title=&#8221;+36 (30) 243 8769&#8243; use_icon=&#8221;on&#8221; font_icon=&#8221;&#xe00b;||divi||400&#8243; icon_color=&#8221;#83388d&#8221; icon_placement=&#8221;left&#8221; image_icon_width=&#8221;1.5vw&#8221; image_icon_width_tablet=&#8221;2vw&#8221; image_icon_width_phone=&#8221;3vw&#8221; image_icon_width_last_edited=&#8221;on|tablet&#8221; _builder_version=&#8221;4.14.6&#8243; _module_preset=&#8221;default&#8221; header_font=&#8221;||||||||&#8221; header_font_size=&#8221;1.4vw&#8221; background_enable_color=&#8221;off&#8221; header_font_size_tablet=&#8221;2vw&#8221; header_font_size_phone=&#8221;3vw&#8221; header_font_size_last_edited=&#8221;on|tablet&#8221; icon_font_size=&#8221;1.5vw&#8221; locked=&#8221;off&#8221; global_colors_info=&#8221;{}&#8221;][\/et_pb_blurb][et_pb_blurb title=&#8221;info@purgolux.hu&#8221; use_icon=&#8221;on&#8221; font_icon=&#8221;&#xe010;||divi||400&#8243; icon_color=&#8221;#83388d&#8221; icon_placement=&#8221;left&#8221; image_icon_width=&#8221;1.5vw&#8221; image_icon_width_tablet=&#8221;2vw&#8221; image_icon_width_phone=&#8221;3vw&#8221; image_icon_width_last_edited=&#8221;on|tablet&#8221; _builder_version=&#8221;4.14.6&#8243; _module_preset=&#8221;default&#8221; header_font=&#8221;||||||||&#8221; header_font_size=&#8221;1.4vw&#8221; background_enable_color=&#8221;off&#8221; header_font_size_tablet=&#8221;2vw&#8221; header_font_size_phone=&#8221;3vw&#8221; header_font_size_last_edited=&#8221;on|tablet&#8221; icon_font_size=&#8221;1.5vw&#8221; locked=&#8221;off&#8221; global_colors_info=&#8221;{}&#8221;][\/et_pb_blurb][\/et_pb_column][et_pb_column type=&#8221;1_2&#8243; _builder_version=&#8221;4.11.4&#8243; _module_preset=&#8221;default&#8221; global_colors_info=&#8221;{}&#8221;][et_pb_code _builder_version=&#8221;4.13.1&#8243; _module_preset=&#8221;default&#8221; box_shadow_style=&#8221;preset1&#8243; global_colors_info=&#8221;{}&#8221;]<iframe src=\"https:\/\/www.google.com\/maps\/embed?pb=!1m18!1m12!1m3!1d2744.1248517656218!2d20.675714315439766!3d46.54521697912859!2m3!1f0!2f0!3f0!3m2!1i1024!2i768!4f13.1!3m3!1m2!1s0x47443ee766959ae9%3A0xa6d3f012dcc96675!2zT3Jvc2jDoXphLCBHecOhcnRlbGVwIHUuIDcsIDU5MDA!5e0!3m2!1shu!2shu!4v1635143858025!5m2!1shu!2shu\" width=\"100%\" height=\"500\" style=\"border:0;\" allowfullscreen=\"\" loading=\"lazy\"><\/iframe>[\/et_pb_code][\/et_pb_column][\/et_pb_row][et_pb_row _builder_version=&#8221;4.14.7&#8243; _module_preset=&#8221;default&#8221; width=&#8221;81%&#8221; max_width=&#8221;81%&#8221; custom_margin=&#8221;1vw||0px||false|false&#8221; custom_padding=&#8221;0px||0px||false|false&#8221; global_colors_info=&#8221;{}&#8221;][et_pb_column type=&#8221;4_4&#8243; _builder_version=&#8221;4.14.5&#8243; _module_preset=&#8221;default&#8221; global_colors_info=&#8221;{}&#8221;][et_pb_text _builder_version=&#8221;4.14.7&#8243; _module_preset=&#8221;default&#8221; text_text_color=&#8221;#FFFFFF&#8221; text_font_size=&#8221;0.8vw&#8221; text_line_height=&#8221;2vw&#8221; text_orientation=&#8221;center&#8221; text_font_size_tablet=&#8221;1.2vw&#8221; text_font_size_phone=&#8221;1.5vw&#8221; text_font_size_last_edited=&#8221;on|phone&#8221; content_en_us=&#8221;<p>PurgoLux is a registered trademark of our company, registered with the Intellectual Property Office of the European Union on 018461002 and 018461008 records as of April 26, 2021.<\/p>&#8221; global_colors_info=&#8221;{}&#8221;]<p>A PurgoLux t\u00e1rsas\u00e1gunk lajstromozott eur\u00f3pai uni\u00f3s v\u00e9djegye, amelyet az Eur\u00f3pai Uni\u00f3 Szellemi Tulajdoni Hivatala 018461002 ill. 018461008 sz. sz\u00e1mon tart nyilv\u00e1n 2021. \u00e1prilis 26. napj\u00e1t\u00f3l.<\/p>[\/et_pb_text][\/et_pb_column][\/et_pb_row][\/et_pb_section]\n\n","protected":false},"excerpt":{"rendered":"<p>Mindig egy l\u00e9p\u00e9ssel a k\u00f3rokoz\u00f3k el\u0151ttSafe InAirTerm\u00e9keinkPurgoLux Safe InAir A PurgoLux Safe InAir sorozat berendez\u00e9sek lelke a germicidl\u00e1mpa, amely 254 nanom\u00e9ter k\u00f6zeli UV-C sug\u00e1rz\u00e1sa k\u00e9pes behatolni a mikroorganizmusok sejtfalaiba, ahol a sejt DNS\/RNS szerkezet\u00e9t roncsolva inaktiv\u00e1lja azokat. Biztons\u00e1gos \u00e9s hat\u00e9kony \u00fczem Z\u00e1rt berendez\u00e9s, a k\u00f6rnyezet nincs kit\u00e9ve k\u00f6zvetlen\u00fcl a sug\u00e1rz\u00e1snak Rugalmas elhelyez\u00e9si lehet\u0151s\u00e9gek: \u00e1ll\u00edthat\u00f3 padl\u00f3ra, [&hellip;]<\/p>\n","protected":false},"author":1,"featured_media":0,"parent":0,"menu_order":0,"comment_status":"closed","ping_status":"closed","template":"","meta":{"_seopress_robots_primary_cat":"","_seopress_titles_title":"%%sitetitle%% %%sep%% %%post_title%%","_seopress_titles_desc":"Mindig egy l\u00e9p\u00e9ssel a k\u00f3rokoz\u00f3k el\u0151tt... El\u0151remutat\u00f3 \u00e9s fenntarthat\u00f3 megold\u00e1sok a k\u00f3rokoz\u00f3mentes l\u00e9gterek biztos\u00edt\u00e1s\u00e1ra OTTHONI \u00e9s a K\u00d6Z\u00d6SS\u00c9GI k\u00f6rnyezetben egyar\u00e1nt.","_seopress_robots_index":"","_et_pb_use_builder":"on","_et_pb_old_content":"","_et_gb_content_width":"","footnotes":""},"_links":{"self":[{"href":"http:\/\/purgolux.hu\/en\/wp-json\/wp\/v2\/pages\/370"}],"collection":[{"href":"http:\/\/purgolux.hu\/en\/wp-json\/wp\/v2\/pages"}],"about":[{"href":"http:\/\/purgolux.hu\/en\/wp-json\/wp\/v2\/types\/page"}],"author":[{"embeddable":true,"href":"http:\/\/purgolux.hu\/en\/wp-json\/wp\/v2\/users\/1"}],"replies":[{"embeddable":true,"href":"http:\/\/purgolux.hu\/en\/wp-json\/wp\/v2\/comments?post=370"}],"version-history":[{"count":73,"href":"http:\/\/purgolux.hu\/en\/wp-json\/wp\/v2\/pages\/370\/revisions"}],"predecessor-version":[{"id":1144,"href":"http:\/\/purgolux.hu\/en\/wp-json\/wp\/v2\/pages\/370\/revisions\/1144"}],"wp:attachment":[{"href":"http:\/\/purgolux.hu\/en\/wp-json\/wp\/v2\/media?parent=370"}],"curies":[{"name":"wp","href":"https:\/\/api.w.org\/{rel}","templated":true}]}}